{"id":65,"date":"2020-06-20T16:21:16","date_gmt":"2020-06-20T16:21:16","guid":{"rendered":"http:\/\/new.cubicmeter.org\/?page_id=65"},"modified":"2026-03-18T16:08:42","modified_gmt":"2026-03-18T16:08:42","slug":"preise","status":"publish","type":"page","link":"http:\/\/new.cubicmeter.org\/?page_id=65","title":{"rendered":"Preise"},"content":{"rendered":"\n<p><br><\/p>\n\n\n\n<p><\/p>\n\n\n\n<p><strong>Unsere Schreibtische\/Arbeitspl\u00e4tze verteilen sich auf f\u00fcnf R\u00e4ume. <br>Ihr bekommt:<\/strong><\/p>\n\n\n\n<ul class=\"wp-block-list\">\n<li>Schreibtisch + Regalfl\u00e4chen<\/li>\n\n\n\n<li>B\u00fcroschl\u00fcssel f\u00fcr freien Zugang rund um die Uhr<\/li>\n\n\n\n<li>schnelle, stabile DSL-Verbindung<\/li>\n\n\n\n<li>K\u00fcche inkl. Kaffeemaschine, K\u00fchlschrank, Mikrowelle und Geschirrsp\u00fcler<\/li>\n\n\n\n<li>Versicherung<\/li>\n\n\n\n<li>Putzdienst<\/li>\n\n\n\n<li>Nutzung als Post- und Gesch\u00e4ftsadresse<\/li>\n<\/ul>\n\n\n\n<p class=\"has-text-align-right\"><p>Wir vermieten nicht tage- oder wochenweise und w\u00fcnschen uns, dass es euch im cubicmeter coworking m\u00f6glichst lange gef\u00e4llt!<\/p><\/p>\n\n\n\n<p class=\"has-text-align-right\"><p>&#8230; ab monatlich <strong>22<\/strong><strong>0 \u20ac zzgl. USt<\/strong>.<\/p><\/p>\n","protected":false},"excerpt":{"rendered":"<p>Unsere Schreibtische\/Arbeitspl\u00e4tze verteilen sich auf f\u00fcnf R\u00e4ume. Ihr bekommt: Wir vermieten nicht tage- oder wochenweise und w\u00fcnschen uns, dass es euch im cubicmeter coworking m\u00f6glichst lange gef\u00e4llt! &#8230; ab monatlich 220 \u20ac zzgl. USt.<\/p>\n","protected":false},"author":1,"featured_media":0,"parent":0,"menu_order":0,"comment_status":"closed","ping_status":"closed","template":"","meta":{"footnotes":""},"class_list":["post-65","page","type-page","status-publish","hentry"],"_links":{"self":[{"href":"http:\/\/new.cubicmeter.org\/index.php?rest_route=\/wp\/v2\/pages\/65","targetHints":{"allow":["GET"]}}],"collection":[{"href":"http:\/\/new.cubicmeter.org\/index.php?rest_route=\/wp\/v2\/pages"}],"about":[{"href":"http:\/\/new.cubicmeter.org\/index.php?rest_route=\/wp\/v2\/types\/page"}],"author":[{"embeddable":true,"href":"http:\/\/new.cubicmeter.org\/index.php?rest_route=\/wp\/v2\/users\/1"}],"replies":[{"embeddable":true,"href":"http:\/\/new.cubicmeter.org\/index.php?rest_route=%2Fwp%2Fv2%2Fcomments&post=65"}],"version-history":[{"count":12,"href":"http:\/\/new.cubicmeter.org\/index.php?rest_route=\/wp\/v2\/pages\/65\/revisions"}],"predecessor-version":[{"id":279,"href":"http:\/\/new.cubicmeter.org\/index.php?rest_route=\/wp\/v2\/pages\/65\/revisions\/279"}],"wp:attachment":[{"href":"http:\/\/new.cubicmeter.org\/index.php?rest_route=%2Fwp%2Fv2%2Fmedia&parent=65"}],"curies":[{"name":"wp","href":"https:\/\/api.w.org\/{rel}","templated":true}]}}